{"id":164,"date":"2018-10-02T13:53:48","date_gmt":"2018-10-02T14:00:12","guid":{"rendered":"http:\/\/armannr.com\/?post_type=product&#038;p=164"},"modified":"2018-10-04T13:16:08","modified_gmt":"2018-10-04T13:16:08","slug":"vignettes-xvii","status":"publish","type":"product","link":"https:\/\/armannr.com\/en\/verslun\/vignettes-xvii\/","title":{"rendered":"Vignettes XVII"},"content":{"rendered":"<p class=\"p3\"><span class=\"s1\"><span lang=\"EN-GB\">A few of the stories in Vignettes XVII have a national\u00a0flavour while others come from contemporary daily life. The thirteen Yule Lads marry Yule Women while elves, trolls and hidden people creep into a few vignettes here and there. There are stories connected to South-Eastern Iceland, but also to Skagafj\u00f6r\u00f0ur and Tr\u00f6llaskagi where we find the home of the Yule Lads and their Yule Women. Portrait stories can also be found of interesting contemporary people who \u00c1rmann Reynisson has met on life\u2019s journey. They are a varied group of people who carry out both practical and spiritual jobs and make their mark on their occupations and Icelandic society. <\/span><\/span><span class=\"apple-converted-space\"><span lang=\"EN-GB\" style=\"font-family: 'Adobe Garamond Pro';\">\u00a0<\/span><\/span><\/p>\n<p class=\"p3\"><span class=\"s1\"><span lang=\"EN-GB\">All brought beautifully together with the unique style of the author who is both concise yet poetic, realistic and inspirational. The vignettes are ideal for reading aloud at many an occasion. <\/span><\/span><span class=\"apple-converted-space\"><b><span lang=\"EN-GB\" style=\"font-family: 'Adobe Garamond Pro';\">\u00a0<\/span><\/b><\/span><\/p>\n","protected":false},"excerpt":{"rendered":"<p class=\"p3\"><span class=\"s1\"><span lang=\"EN-GB\">A few of the stories in Vignettes XVII have a national\u00a0flavour while others come from contemporary daily life. The thirteen Yule Lads marry Yule Women while elves, trolls and hidden people creep into a few vignettes here and there. There are stories connected to South-Eastern Iceland, but also to Skagafj\u00f6r\u00f0ur and Tr\u00f6llaskagi where we find the home of the Yule Lads and their Yule Women. Portrait stories can also be found of interesting contemporary people who \u00c1rmann Reynisson has met on life\u2019s journey. They are a varied group of people who carry out both practical and spiritual jobs and make their mark on their occupations and Icelandic society. <\/span><\/span><span class=\"apple-converted-space\"><span lang=\"EN-GB\" style=\"font-family: 'Adobe Garamond Pro';\">\u00a0<\/span><\/span><\/p>\n<p class=\"p3\"><span class=\"s1\"><span lang=\"EN-GB\">All brought beautifully together with the unique style of the author who is both concise yet poetic, realistic and inspirational. The vignettes are ideal for reading aloud at many an occasion. <\/span><\/span><span class=\"apple-converted-space\"><b><span lang=\"EN-GB\" style=\"font-family: 'Adobe Garamond Pro';\">\u00a0<\/span><\/b><\/span><\/p>\n","protected":false},"featured_media":163,"template":"","meta":{"_acf_changed":false},"product_brand":[],"product_cat":[25],"product_tag":[],"class_list":{"0":"post-164","1":"product","2":"type-product","3":"status-publish","4":"has-post-thumbnail","6":"product_cat-uncategorized-en","8":"first","9":"instock","10":"featured","11":"shipping-taxable","12":"purchasable","13":"product-type-simple"},"acf":[],"yoast_head":"<!-- This site is optimized with the Yoast SEO plugin v27.3 - https:\/\/yoast.com\/product\/yoast-seo-wordpress\/ -->\n<title>Vignettes XVII - \u00c1rmann Reynisson<\/title>\n<meta name=\"robots\" content=\"index, follow, max-snippet:-1, max-image-preview:large, max-video-preview:-1\" \/>\n<link rel=\"canonical\" href=\"https:\/\/armannr.com\/en\/verslun\/vignettes-xvii\/\" \/>\n<meta property=\"og:locale\" content=\"en_US\" \/>\n<meta property=\"og:type\" content=\"article\" \/>\n<meta property=\"og:title\" content=\"Vignettes XVII - \u00c1rmann Reynisson\" \/>\n<meta property=\"og:description\" content=\"A few of the stories in Vignettes XVII have a national\u00a0flavour while others come from contemporary daily life. The thirteen Yule Lads marry Yule Women while elves, trolls and hidden people creep into a few vignettes here and there. There are stories connected to South-Eastern Iceland, but also to Skagafj\u00f6r\u00f0ur and Tr\u00f6llaskagi where we find the home of the Yule Lads and their Yule Women. Portrait stories can also be found of interesting contemporary people who \u00c1rmann Reynisson has met on life\u2019s journey. They are a varied group of people who carry out both practical and spiritual jobs and make their mark on their occupations and Icelandic society. \u00a0 All brought beautifully together with the unique style of the author who is both concise yet poetic, realistic and inspirational. The vignettes are ideal for reading aloud at many an occasion. \u00a0\" \/>\n<meta property=\"og:url\" content=\"https:\/\/armannr.com\/en\/verslun\/vignettes-xvii\/\" \/>\n<meta property=\"og:site_name\" content=\"\u00c1rmann Reynisson\" \/>\n<meta property=\"article:modified_time\" content=\"2018-10-04T13:16:08+00:00\" \/>\n<meta property=\"og:image\" content=\"https:\/\/armannr.com\/wp-content\/uploads\/2018\/10\/Vinjeets-XVII.jpg\" \/>\n\t<meta property=\"og:image:width\" content=\"484\" \/>\n\t<meta property=\"og:image:height\" content=\"697\" \/>\n\t<meta property=\"og:image:type\" content=\"image\/jpeg\" \/>\n<meta name=\"twitter:card\" content=\"summary_large_image\" \/>\n<meta name=\"twitter:label1\" content=\"Est. reading time\" \/>\n\t<meta name=\"twitter:data1\" content=\"1 minute\" \/>\n<script type=\"application\/ld+json\" class=\"yoast-schema-graph\">{\"@context\":\"https:\\\/\\\/schema.org\",\"@graph\":[{\"@type\":\"WebPage\",\"@id\":\"https:\\\/\\\/armannr.com\\\/en\\\/verslun\\\/vignettes-xvii\\\/\",\"url\":\"https:\\\/\\\/armannr.com\\\/en\\\/verslun\\\/vignettes-xvii\\\/\",\"name\":\"Vignettes XVII - \u00c1rmann Reynisson\",\"isPartOf\":{\"@id\":\"https:\\\/\\\/armannr.com\\\/en\\\/#website\"},\"primaryImageOfPage\":{\"@id\":\"https:\\\/\\\/armannr.com\\\/en\\\/verslun\\\/vignettes-xvii\\\/#primaryimage\"},\"image\":{\"@id\":\"https:\\\/\\\/armannr.com\\\/en\\\/verslun\\\/vignettes-xvii\\\/#primaryimage\"},\"thumbnailUrl\":\"https:\\\/\\\/armannr.com\\\/wp-content\\\/uploads\\\/2018\\\/10\\\/Vinjeets-XVII.jpg\",\"datePublished\":\"2018-10-02T14:00:12+00:00\",\"dateModified\":\"2018-10-04T13:16:08+00:00\",\"breadcrumb\":{\"@id\":\"https:\\\/\\\/armannr.com\\\/en\\\/verslun\\\/vignettes-xvii\\\/#breadcrumb\"},\"inLanguage\":\"en-US\",\"potentialAction\":[{\"@type\":\"ReadAction\",\"target\":[\"https:\\\/\\\/armannr.com\\\/en\\\/verslun\\\/vignettes-xvii\\\/\"]}]},{\"@type\":\"ImageObject\",\"inLanguage\":\"en-US\",\"@id\":\"https:\\\/\\\/armannr.com\\\/en\\\/verslun\\\/vignettes-xvii\\\/#primaryimage\",\"url\":\"https:\\\/\\\/armannr.com\\\/wp-content\\\/uploads\\\/2018\\\/10\\\/Vinjeets-XVII.jpg\",\"contentUrl\":\"https:\\\/\\\/armannr.com\\\/wp-content\\\/uploads\\\/2018\\\/10\\\/Vinjeets-XVII.jpg\",\"width\":484,\"height\":697,\"caption\":\"Vignettes XVII\"},{\"@type\":\"BreadcrumbList\",\"@id\":\"https:\\\/\\\/armannr.com\\\/en\\\/verslun\\\/vignettes-xvii\\\/#breadcrumb\",\"itemListElement\":[{\"@type\":\"ListItem\",\"position\":1,\"name\":\"Home\",\"item\":\"https:\\\/\\\/armannr.com\\\/en\\\/\"},{\"@type\":\"ListItem\",\"position\":2,\"name\":\"Shop\",\"item\":\"https:\\\/\\\/armannr.com\\\/en\\\/shop\\\/\"},{\"@type\":\"ListItem\",\"position\":3,\"name\":\"Vignettes XVII\"}]},{\"@type\":\"WebSite\",\"@id\":\"https:\\\/\\\/armannr.com\\\/en\\\/#website\",\"url\":\"https:\\\/\\\/armannr.com\\\/en\\\/\",\"name\":\"\u00c1rmann Reynisson\",\"description\":\"Rith\u00f6fundur\",\"potentialAction\":[{\"@type\":\"SearchAction\",\"target\":{\"@type\":\"EntryPoint\",\"urlTemplate\":\"https:\\\/\\\/armannr.com\\\/en\\\/?s={search_term_string}\"},\"query-input\":{\"@type\":\"PropertyValueSpecification\",\"valueRequired\":true,\"valueName\":\"search_term_string\"}}],\"inLanguage\":\"en-US\"}]}<\/script>\n<!-- \/ Yoast SEO plugin. -->","yoast_head_json":{"title":"Vignettes XVII - \u00c1rmann Reynisson","robots":{"index":"index","follow":"follow","max-snippet":"max-snippet:-1","max-image-preview":"max-image-preview:large","max-video-preview":"max-video-preview:-1"},"canonical":"https:\/\/armannr.com\/en\/verslun\/vignettes-xvii\/","og_locale":"en_US","og_type":"article","og_title":"Vignettes XVII - \u00c1rmann Reynisson","og_description":"A few of the stories in Vignettes XVII have a national\u00a0flavour while others come from contemporary daily life. The thirteen Yule Lads marry Yule Women while elves, trolls and hidden people creep into a few vignettes here and there. There are stories connected to South-Eastern Iceland, but also to Skagafj\u00f6r\u00f0ur and Tr\u00f6llaskagi where we find the home of the Yule Lads and their Yule Women. Portrait stories can also be found of interesting contemporary people who \u00c1rmann Reynisson has met on life\u2019s journey. They are a varied group of people who carry out both practical and spiritual jobs and make their mark on their occupations and Icelandic society. \u00a0 All brought beautifully together with the unique style of the author who is both concise yet poetic, realistic and inspirational. The vignettes are ideal for reading aloud at many an occasion. \u00a0","og_url":"https:\/\/armannr.com\/en\/verslun\/vignettes-xvii\/","og_site_name":"\u00c1rmann Reynisson","article_modified_time":"2018-10-04T13:16:08+00:00","og_image":[{"width":484,"height":697,"url":"https:\/\/armannr.com\/wp-content\/uploads\/2018\/10\/Vinjeets-XVII.jpg","type":"image\/jpeg"}],"twitter_card":"summary_large_image","twitter_misc":{"Est. reading time":"1 minute"},"schema":{"@context":"https:\/\/schema.org","@graph":[{"@type":"WebPage","@id":"https:\/\/armannr.com\/en\/verslun\/vignettes-xvii\/","url":"https:\/\/armannr.com\/en\/verslun\/vignettes-xvii\/","name":"Vignettes XVII - \u00c1rmann Reynisson","isPartOf":{"@id":"https:\/\/armannr.com\/en\/#website"},"primaryImageOfPage":{"@id":"https:\/\/armannr.com\/en\/verslun\/vignettes-xvii\/#primaryimage"},"image":{"@id":"https:\/\/armannr.com\/en\/verslun\/vignettes-xvii\/#primaryimage"},"thumbnailUrl":"https:\/\/armannr.com\/wp-content\/uploads\/2018\/10\/Vinjeets-XVII.jpg","datePublished":"2018-10-02T14:00:12+00:00","dateModified":"2018-10-04T13:16:08+00:00","breadcrumb":{"@id":"https:\/\/armannr.com\/en\/verslun\/vignettes-xvii\/#breadcrumb"},"inLanguage":"en-US","potentialAction":[{"@type":"ReadAction","target":["https:\/\/armannr.com\/en\/verslun\/vignettes-xvii\/"]}]},{"@type":"ImageObject","inLanguage":"en-US","@id":"https:\/\/armannr.com\/en\/verslun\/vignettes-xvii\/#primaryimage","url":"https:\/\/armannr.com\/wp-content\/uploads\/2018\/10\/Vinjeets-XVII.jpg","contentUrl":"https:\/\/armannr.com\/wp-content\/uploads\/2018\/10\/Vinjeets-XVII.jpg","width":484,"height":697,"caption":"Vignettes XVII"},{"@type":"BreadcrumbList","@id":"https:\/\/armannr.com\/en\/verslun\/vignettes-xvii\/#breadcrumb","itemListElement":[{"@type":"ListItem","position":1,"name":"Home","item":"https:\/\/armannr.com\/en\/"},{"@type":"ListItem","position":2,"name":"Shop","item":"https:\/\/armannr.com\/en\/shop\/"},{"@type":"ListItem","position":3,"name":"Vignettes XVII"}]},{"@type":"WebSite","@id":"https:\/\/armannr.com\/en\/#website","url":"https:\/\/armannr.com\/en\/","name":"\u00c1rmann Reynisson","description":"Rith\u00f6fundur","potentialAction":[{"@type":"SearchAction","target":{"@type":"EntryPoint","urlTemplate":"https:\/\/armannr.com\/en\/?s={search_term_string}"},"query-input":{"@type":"PropertyValueSpecification","valueRequired":true,"valueName":"search_term_string"}}],"inLanguage":"en-US"}]}},"_links":{"self":[{"href":"https:\/\/armannr.com\/en\/wp-json\/wp\/v2\/product\/164","targetHints":{"allow":["GET"]}}],"collection":[{"href":"https:\/\/armannr.com\/en\/wp-json\/wp\/v2\/product"}],"about":[{"href":"https:\/\/armannr.com\/en\/wp-json\/wp\/v2\/types\/product"}],"wp:featuredmedia":[{"embeddable":true,"href":"https:\/\/armannr.com\/en\/wp-json\/wp\/v2\/media\/163"}],"wp:attachment":[{"href":"https:\/\/armannr.com\/en\/wp-json\/wp\/v2\/media?parent=164"}],"wp:term":[{"taxonomy":"product_brand","embeddable":true,"href":"https:\/\/armannr.com\/en\/wp-json\/wp\/v2\/product_brand?post=164"},{"taxonomy":"product_cat","embeddable":true,"href":"https:\/\/armannr.com\/en\/wp-json\/wp\/v2\/product_cat?post=164"},{"taxonomy":"product_tag","embeddable":true,"href":"https:\/\/armannr.com\/en\/wp-json\/wp\/v2\/product_tag?post=164"}],"curies":[{"name":"wp","href":"https:\/\/api.w.org\/{rel}","templated":true}]}}